{"id":16088,"date":"2017-01-23T11:09:42","date_gmt":"2017-01-23T11:09:42","guid":{"rendered":"http:\/\/jesusinfante.es\/?page_id=16088"},"modified":"2024-12-06T17:25:14","modified_gmt":"2024-12-06T17:25:14","slug":"homepage-musician","status":"publish","type":"page","link":"https:\/\/jesusinfante.es\/","title":{"rendered":"Homepage Musician"},"content":{"rendered":"<p>[vc_row heading_color=\u00bblight\u00bb bg_type=\u00bbimage\u00bb bg_image=\u00bb16637&#8243; scroll_header_style=\u00bblight\u00bb font_color=\u00bb#ffffff\u00bb section_id=\u00bbintro\u00bb][vc_column width=\u00bb7\/12&#8243;][\/vc_column][vc_column width=\u00bb5\/12&#8243; text_align=\u00bbright\u00bb font_color=\u00bb#020202&#8243;]<div class=\"grve-empty-space\" style=\"height: 40px;\"><\/div><h1 class=\"grve-element grve-title grve-align-right grve-animated-item grve-duration-normal grve-fade-in-up grve-h1 miTitulo grve-increase-heading grve-heading-200\" style=\"\" data-delay=\"400\"><span>Historias Callejeras<br>\n<div>\n<div style=\"float: right;\"><a style=\"line-height: 10px !important; height: 10px !important;\" href=\"https:\/\/open.spotify.com\/album\/1VA0A8ziomCFmzl9VChWKe?si=FXpsc-o7Qw21IjkvWyMoxg\" target=\"_blank\" rel=\"noopener\"><img decoding=\"async\" style=\"margin-left: 10px;\" src=\"\/wp-content\/uploads\/2021\/06\/Spotify_Logo_CMYK_White.png\" width=\"100\" border=\"0\" \/><\/a><\/div>\n<\/div>\n<\/span><\/h1>[\/vc_column][\/vc_row][vc_row heading_color=\u00bblight\u00bb bg_type=\u00bbimage\u00bb bg_image=\u00bb16376&#8243; scroll_header_style=\u00bblight\u00bb font_color=\u00bbrgba(255,255,255,0.45)\u00bb section_id=\u00bbabout\u00bb][vc_column width=\u00bb1\/6&#8243;][\/vc_column][vc_column width=\u00bb2\/3&#8243; css=\u00bb.vc_custom_1649692895466{padding-right: 10px !important;padding-left: 10px !important;}\u00bb]<div class=\"grve-empty-space\" style=\"height: 40px;\"><\/div><h2 class=\"grve-element grve-title grve-align-left grve-animated-item grve-duration-normal grve-fade-in-left grve-h1 grve-increase-heading grve-heading-140\" style=\"\" data-delay=\"200\"><span>Sobre m\u00ed<\/span><\/h2><h3 class=\"grve-element grve-title grve-align-left grve-animated-item grve-duration-normal grve-fade-in-up grve-small-text\" style=\"\" data-delay=\"400\"><span>Devorando verso a verso&#8230;<\/span><\/h3>[vc_column_text text_style=\u00bbleader-text\u00bb animation=\u00bbgrve-fade-in-up\u00bb animation_delay=\u00bb600&#8243;]<strong>Jes\u00fas Infante es un artista cosmopolita en el que se conjugan la frescura y acidez de unas letras directas, la cuidada composici\u00f3n de melod\u00edas y una sorprendente producci\u00f3n musical en la que predominan guitarras al m\u00e1s puro estilo pop-rock, ali\u00f1ados con un inconfundible aire andaluz que acompa\u00f1a a todas sus composiciones.<\/strong><\/p>\n<p><strong>Ahora nos sorprende con un nuevo \u00e1lbum HISTORIAS CALLEJERAS que definitivamente muestra una evoluci\u00f3n en cuanto a sonido y a madurez de las letras.<br \/>\n<\/strong>[\/vc_column_text][\/vc_column][vc_column width=\u00bb1\/6&#8243;][\/vc_column][\/vc_row][vc_row heading_color=\u00bblight\u00bb bg_type=\u00bbimage\u00bb bg_image=\u00bb16385&#8243; color_overlay=\u00bbdark\u00bb opacity_overlay=\u00bb60&#8243; scroll_header_style=\u00bblight\u00bb font_color=\u00bbrgba(255,255,255,0.45)\u00bb section_id=\u00bbalbums\u00bb][vc_column width=\u00bb1\/3&#8243;]<div class=\"grve-element grve-image historias-callejeras grve-align-center\" style=\"\">  <div class=\"grve-image-wrapper\"><img loading=\"lazy\" decoding=\"async\" width=\"150\" height=\"150\" src=\"https:\/\/jesusinfante.es\/wp-content\/uploads\/2022\/11\/historias-callejeras-150x150-1-150x150.jpg\" class=\"attachment-thumbnail size-thumbnail\" alt=\"\" \/>   <\/div><\/div>[vc_raw_html]JTNDZGl2JTIwc3R5bGUlM0QlMjJ3aWR0aCUzQTEwMCUyNSUzQiUyMHRleHQtYWxpZ24lM0FjZW50ZXIlM0IlMjIlM0UlMEElM0NhJTIwdGFyZ2V0JTNEJTIyX2JsYW5rJTIyJTIwaHJlZiUzRCUyMmh0dHBzJTNBJTJGJTJGbXVzaWMuYXBwbGUuY29tJTJGdXMlMkZhbGJ1bSUyRmhpc3Rvcmlhcy1jYWxsZWplcmFzJTJGMTY1NDU2NjMyMCUyMiUzRSUzQ2ltZyUyMHdpZHRoJTNEJTIyMTAwJTIyJTIwYm9yZGVyJTNEJTIyMCUyMiUyMHNyYyUzRCUyMiUyRndwLWNvbnRlbnQlMkZ1cGxvYWRzJTJGMjAyMSUyRjA2JTJGUG5nSXRlbV8xMTU0NjMyLnBuZyUyMiUzRSUzQyUyRmElM0UlM0NhJTIwdGFyZ2V0JTNEJTIyX2JsYW5rJTIyJTIwaHJlZiUzRCUyMmh0dHBzJTNBJTJGJTJGb3Blbi5zcG90aWZ5LmNvbSUyRmFsYnVtJTJGMVZBMEE4emlvbUNGbXpsOVZDaFdLZSUyMiUzRSUzQ2ltZyUyMHdpZHRoJTNEJTIyMTAwJTIyJTIwYm9yZGVyJTNEJTIyMCUyMiUyMHNyYyUzRCUyMiUyRndwLWNvbnRlbnQlMkZ1cGxvYWRzJTJGMjAyMSUyRjA2JTJGU3BvdGlmeV9Mb2dvX0NNWUtfV2hpdGUucG5nJTIyJTIwc3R5bGUlM0QlMjJtYXJnaW4tbGVmdCUzQTEwcHglMjIlM0UlM0MlMkZhJTNFJTBBJTNDJTJGZGl2JTNF[\/vc_raw_html][\/vc_column][vc_column width=\u00bb1\/3&#8243;]<div class=\"grve-element grve-image grve-align-center\" style=\"\">  <div class=\"grve-image-wrapper\"><img loading=\"lazy\" decoding=\"async\" width=\"150\" height=\"150\" src=\"https:\/\/jesusinfante.es\/wp-content\/uploads\/2021\/06\/page2_img1-150x150.jpg\" class=\"attachment-thumbnail size-thumbnail\" alt=\"\" srcset=\"https:\/\/jesusinfante.es\/wp-content\/uploads\/2021\/06\/page2_img1-150x150.jpg 150w, https:\/\/jesusinfante.es\/wp-content\/uploads\/2021\/06\/page2_img1.jpg 230w\" sizes=\"auto, (max-width: 150px) 100vw, 150px\" \/>   <\/div><\/div>[vc_raw_html]JTNDZGl2JTIwc3R5bGUlM0QlMjJ3aWR0aCUzQTEwMCUyNSUzQiUyMHRleHQtYWxpZ24lM0FjZW50ZXIlM0IlMjIlM0UlMEElM0NhJTIwdGFyZ2V0JTNEJTIyX2JsYW5rJTIyJTIwaHJlZiUzRCUyMmh0dHBzJTNBJTJGJTJGbXVzaWMuYXBwbGUuY29tJTJGdXMlMkZhbGJ1bSUyRnJlY3VlcmRvcyUyRjQ4NDE2NjQxOSUyMiUzRSUzQ2ltZyUyMHdpZHRoJTNEJTIyMTAwJTIyJTIwYm9yZGVyJTNEJTIyMCUyMiUyMHNyYyUzRCUyMiUyRndwLWNvbnRlbnQlMkZ1cGxvYWRzJTJGMjAyMSUyRjA2JTJGUG5nSXRlbV8xMTU0NjMyLnBuZyUyMiUzRSUzQyUyRmElM0UlM0NhJTIwdGFyZ2V0JTNEJTIyX2JsYW5rJTIyJTIwaHJlZiUzRCUyMmh0dHBzJTNBJTJGJTJGb3Blbi5zcG90aWZ5LmNvbSUyRmFsYnVtJTJGNGxOdnZQWFlSVDJncUF6SUtyRUtrUCUzRnNpJTNEXzZzVzctR3hSMVM0Z1BuZFROVUpXdyUyNmRsX2JyYW5jaCUzRDElMjIlM0UlM0NpbWclMjB3aWR0aCUzRCUyMjEwMCUyMiUyMGJvcmRlciUzRCUyMjAlMjIlMjBzcmMlM0QlMjIlMkZ3cC1jb250ZW50JTJGdXBsb2FkcyUyRjIwMjElMkYwNiUyRlNwb3RpZnlfTG9nb19DTVlLX1doaXRlLnBuZyUyMiUyMHN0eWxlJTNEJTIybWFyZ2luLWxlZnQlM0ExMHB4JTIyJTNFJTNDJTJGYSUzRSUwQSUzQyUyRmRpdiUzRQ==[\/vc_raw_html][\/vc_column][vc_column width=\u00bb1\/3&#8243;]<div class=\"grve-element grve-image grve-align-center\" style=\"\">  <div class=\"grve-image-wrapper\"><img loading=\"lazy\" decoding=\"async\" width=\"150\" height=\"150\" src=\"https:\/\/jesusinfante.es\/wp-content\/uploads\/2021\/06\/page2_img2-150x150.jpg\" class=\"attachment-thumbnail size-thumbnail\" alt=\"\" srcset=\"https:\/\/jesusinfante.es\/wp-content\/uploads\/2021\/06\/page2_img2-150x150.jpg 150w, https:\/\/jesusinfante.es\/wp-content\/uploads\/2021\/06\/page2_img2.jpg 230w\" sizes=\"auto, (max-width: 150px) 100vw, 150px\" \/>   <\/div><\/div>[vc_raw_html]JTNDZGl2JTIwc3R5bGUlM0QlMjJ3aWR0aCUzQTEwMCUyNSUzQiUyMHRleHQtYWxpZ24lM0FjZW50ZXIlM0IlMjIlM0UlMEElM0NhJTIwdGFyZ2V0JTNEJTIyX2JsYW5rJTIyJTIwaHJlZiUzRCUyMmh0dHBzJTNBJTJGJTJGbXVzaWMuYXBwbGUuY29tJTJGdXMlMkZhbGJ1bSUyRm0lMjVDMyUyNUExcy1hbGwlMjVDMyUyNUExLWRlLXlha2FydGElMkY0ODI3OTM4MDUlMjIlM0UlM0NpbWclMjB3aWR0aCUzRCUyMjEwMCUyMiUyMGJvcmRlciUzRCUyMjAlMjIlMjBzcmMlM0QlMjIlMkZ3cC1jb250ZW50JTJGdXBsb2FkcyUyRjIwMjElMkYwNiUyRlBuZ0l0ZW1fMTE1NDYzMi5wbmclMjIlM0UlM0MlMkZhJTNFJTNDYSUyMHRhcmdldCUzRCUyMl9ibGFuayUyMiUyMGhyZWYlM0QlMjJodHRwcyUzQSUyRiUyRm9wZW4uc3BvdGlmeS5jb20lMkZhbGJ1bSUyRjU1a01ydnZjQ3RqR2lLcnpKRGQxTFclM0ZzaSUzRFVCaVNZYmpqU1ZPVXBYV1RlYnkxb0ElMjZkbF9icmFuY2glM0QxJTIyJTNFJTNDaW1nJTIwd2lkdGglM0QlMjIxMDAlMjIlMjBib3JkZXIlM0QlMjIwJTIyJTIwc3JjJTNEJTIyJTJGd3AtY29udGVudCUyRnVwbG9hZHMlMkYyMDIxJTJGMDYlMkZTcG90aWZ5X0xvZ29fQ01ZS19XaGl0ZS5wbmclMjIlMjBzdHlsZSUzRCUyMm1hcmdpbi1sZWZ0JTNBMTBweCUyMiUzRSUzQyUyRmElM0UlMEElM0MlMkZkaXYlM0U=[\/vc_raw_html][\/vc_column][\/vc_row][vc_row section_id=\u00bbmusic\u00bb][vc_column width=\u00bb1\/6&#8243;][\/vc_column][vc_column width=\u00bb2\/3&#8243;]<h2 class=\"grve-element grve-title grve-align-center grve-animated-item grve-duration-normal grve-fade-in-up grve-h1 grve-increase-heading grve-heading-140\" style=\"\" data-delay=\"400\"><span>Mi m\u00fasica<\/span><\/h2>[vc_column_text animation=\u00bbgrve-fade-in-up\u00bb animation_delay=\u00bb600&#8243;]<iframe loading=\"lazy\" src=\"https:\/\/w.soundcloud.com\/player\/?url=https%3A\/\/api.soundcloud.com\/playlists\/1278329038&amp;color=%23ff5500&amp;auto_play=false&amp;hide_related=false&amp;show_comments=true&amp;show_user=true&amp;show_reposts=false&amp;show_teaser=true&amp;visual=true\" width=\"100%\" height=\"300\" frameborder=\"no\" scrolling=\"no\"><\/iframe><\/p>\n<div style=\"font-size: 10px; color: #cccccc; line-break: anywhere; word-break: normal; overflow: hidden; white-space: nowrap; text-overflow: ellipsis; font-family: Interstate,Lucida Grande,Lucida Sans Unicode,Lucida Sans,Garuda,Verdana,Tahoma,sans-serif; font-weight: 100;\"><a style=\"color: #cccccc; text-decoration: none;\" title=\"Jes\u00fas Infante\" href=\"https:\/\/soundcloud.com\/user-935341575-855985733\" target=\"_blank\" rel=\"noopener\">Jes\u00fas Infante<\/a> \u00b7 <a style=\"color: #cccccc; text-decoration: none;\" title=\"Recuerdos M\u00e1s All\u00e1 de Yakarta\" href=\"https:\/\/soundcloud.com\/user-935341575-855985733\/sets\/recuerdos-mas-alla-de-yakarta\" target=\"_blank\" rel=\"noopener\">Recuerdos M\u00e1s All\u00e1 de Yakarta<\/a><\/div>\n<p>[\/vc_column_text][\/vc_column][vc_column width=\u00bb1\/6&#8243;][\/vc_column][\/vc_row][vc_row heading_color=\u00bblight\u00bb bg_type=\u00bbcolor\u00bb scroll_header_style=\u00bblight\u00bb font_color=\u00bbrgba(255,255,255,0.45)\u00bb section_id=\u00bbgallery\u00bb bg_color=\u00bb#000000&#8243; el_class=\u00bbmiGaleria\u00bb][vc_column tablet_sm_width=\u00bb1&#8243;]<h2 class=\"grve-element grve-title grve-align-left grve-animated-item grve-duration-normal grve-fade-in-up grve-h1 grve-increase-heading grve-heading-140\" style=\"\" data-delay=\"400\"><span>Galer\u00eda<\/span><\/h2><div class=\"grve-element grve-carousel grve-layout-1 grve-with-gap\" style=\"\">  <div class=\"grve-carousel-wrapper\"><div class=\"grve-carousel-navigation grve-dark grve-navigation-1 grve-navigation-carousel\">\t<div class=\"grve-carousel-buttons\">\t\t<div class=\"grve-carousel-prev\">\t\t\t<i class=\"grve-icon-nav-left-small\"><\/i>\t\t<\/div>\t\t<div class=\"grve-carousel-next\">\t\t\t<i class=\"grve-icon-nav-right-small\"><\/i>\t\t<\/div>\t<\/div><\/div>    <div class=\"grve-carousel-element grve-gallery-popup \" data-items=\"4\" data-items-tablet-landscape=\"3\" data-items-tablet-portrait=\"3\" data-items-mobile=\"1\" data-slider-autoplay=\"yes\" data-slider-speed=\"3000\" data-slider-pause=\"no\" data-pagination-speed=\"400\" data-pagination=\"no\" data-slider-loop=\"yes\" data-gutter-size=\"40\"><div class=\"grve-carousel-item grve-hover-item grve-hover-style-none\">  <figure class=\"grve-image-hover\">    <a class=\"grve-item-url\" href=\"https:\/\/jesusinfante.es\/wp-content\/uploads\/2021\/06\/big_img1.jpg\" ><\/a>    <div class=\"grve-hover-overlay grve-bg-light grve-opacity-90\"><\/div><div class=\"grve-media\"><img loading=\"lazy\" decoding=\"async\" width=\"560\" height=\"420\" src=\"https:\/\/jesusinfante.es\/wp-content\/uploads\/2021\/06\/big_img1-560x420.jpg\" class=\"attachment-movedo-grve-small-rect-horizontal size-movedo-grve-small-rect-horizontal\" alt=\"\" \/><\/div>  <\/figure><\/div><div class=\"grve-carousel-item grve-hover-item grve-hover-style-none\">  <figure class=\"grve-image-hover\">    <a class=\"grve-item-url\" href=\"https:\/\/jesusinfante.es\/wp-content\/uploads\/2021\/06\/big_img2.jpg\" ><\/a>    <div class=\"grve-hover-overlay grve-bg-light grve-opacity-90\"><\/div><div class=\"grve-media\"><img loading=\"lazy\" decoding=\"async\" width=\"560\" height=\"420\" src=\"https:\/\/jesusinfante.es\/wp-content\/uploads\/2021\/06\/big_img2-560x420.jpg\" class=\"attachment-movedo-grve-small-rect-horizontal size-movedo-grve-small-rect-horizontal\" alt=\"\" \/><\/div>  <\/figure><\/div><div class=\"grve-carousel-item grve-hover-item grve-hover-style-none\">  <figure class=\"grve-image-hover\">    <a class=\"grve-item-url\" href=\"https:\/\/jesusinfante.es\/wp-content\/uploads\/2021\/06\/big_img3.jpg\" ><\/a>    <div class=\"grve-hover-overlay grve-bg-light grve-opacity-90\"><\/div><div class=\"grve-media\"><img loading=\"lazy\" decoding=\"async\" width=\"560\" height=\"420\" src=\"https:\/\/jesusinfante.es\/wp-content\/uploads\/2021\/06\/big_img3-560x420.jpg\" class=\"attachment-movedo-grve-small-rect-horizontal size-movedo-grve-small-rect-horizontal\" alt=\"\" \/><\/div>  <\/figure><\/div><div class=\"grve-carousel-item grve-hover-item grve-hover-style-none\">  <figure class=\"grve-image-hover\">    <a class=\"grve-item-url\" href=\"https:\/\/jesusinfante.es\/wp-content\/uploads\/2021\/06\/big_img4.jpg\" ><\/a>    <div class=\"grve-hover-overlay grve-bg-light grve-opacity-90\"><\/div><div class=\"grve-media\"><img loading=\"lazy\" decoding=\"async\" width=\"560\" height=\"420\" src=\"https:\/\/jesusinfante.es\/wp-content\/uploads\/2021\/06\/big_img4-560x420.jpg\" class=\"attachment-movedo-grve-small-rect-horizontal size-movedo-grve-small-rect-horizontal\" alt=\"\" \/><\/div>  <\/figure><\/div><div class=\"grve-carousel-item grve-hover-item grve-hover-style-none\">  <figure class=\"grve-image-hover\">    <a class=\"grve-item-url\" href=\"https:\/\/jesusinfante.es\/wp-content\/uploads\/2021\/06\/big_img5.jpg\" ><\/a>    <div class=\"grve-hover-overlay grve-bg-light grve-opacity-90\"><\/div><div class=\"grve-media\"><img loading=\"lazy\" decoding=\"async\" width=\"560\" height=\"420\" src=\"https:\/\/jesusinfante.es\/wp-content\/uploads\/2021\/06\/big_img5-560x420.jpg\" class=\"attachment-movedo-grve-small-rect-horizontal size-movedo-grve-small-rect-horizontal\" alt=\"\" \/><\/div>  <\/figure><\/div><div class=\"grve-carousel-item grve-hover-item grve-hover-style-none\">  <figure class=\"grve-image-hover\">    <a class=\"grve-item-url\" href=\"https:\/\/jesusinfante.es\/wp-content\/uploads\/2021\/06\/big_img6.jpg\" ><\/a>    <div class=\"grve-hover-overlay grve-bg-light grve-opacity-90\"><\/div><div class=\"grve-media\"><img loading=\"lazy\" decoding=\"async\" width=\"560\" height=\"420\" src=\"https:\/\/jesusinfante.es\/wp-content\/uploads\/2021\/06\/big_img6-560x420.jpg\" class=\"attachment-movedo-grve-small-rect-horizontal size-movedo-grve-small-rect-horizontal\" alt=\"\" \/><\/div>  <\/figure><\/div><div class=\"grve-carousel-item grve-hover-item grve-hover-style-none\">  <figure class=\"grve-image-hover\">    <a class=\"grve-item-url\" href=\"https:\/\/jesusinfante.es\/wp-content\/uploads\/2021\/06\/big_img7.jpg\" ><\/a>    <div class=\"grve-hover-overlay grve-bg-light grve-opacity-90\"><\/div><div class=\"grve-media\"><img loading=\"lazy\" decoding=\"async\" width=\"560\" height=\"420\" src=\"https:\/\/jesusinfante.es\/wp-content\/uploads\/2021\/06\/big_img7-560x420.jpg\" class=\"attachment-movedo-grve-small-rect-horizontal size-movedo-grve-small-rect-horizontal\" alt=\"\" \/><\/div>  <\/figure><\/div><div class=\"grve-carousel-item grve-hover-item grve-hover-style-none\">  <figure class=\"grve-image-hover\">    <a class=\"grve-item-url\" href=\"https:\/\/jesusinfante.es\/wp-content\/uploads\/2021\/06\/big_img8.jpg\" ><\/a>    <div class=\"grve-hover-overlay grve-bg-light grve-opacity-90\"><\/div><div class=\"grve-media\"><img loading=\"lazy\" decoding=\"async\" width=\"560\" height=\"420\" src=\"https:\/\/jesusinfante.es\/wp-content\/uploads\/2021\/06\/big_img8-560x420.jpg\" class=\"attachment-movedo-grve-small-rect-horizontal size-movedo-grve-small-rect-horizontal\" alt=\"\" \/><\/div>  <\/figure><\/div><div class=\"grve-carousel-item grve-hover-item grve-hover-style-none\">  <figure class=\"grve-image-hover\">    <a class=\"grve-item-url\" href=\"https:\/\/jesusinfante.es\/wp-content\/uploads\/2021\/06\/big_img9.jpg\" ><\/a>    <div class=\"grve-hover-overlay grve-bg-light grve-opacity-90\"><\/div><div class=\"grve-media\"><img loading=\"lazy\" decoding=\"async\" width=\"560\" height=\"420\" src=\"https:\/\/jesusinfante.es\/wp-content\/uploads\/2021\/06\/big_img9-560x420.jpg\" class=\"attachment-movedo-grve-small-rect-horizontal size-movedo-grve-small-rect-horizontal\" alt=\"\" \/><\/div>  <\/figure><\/div><div class=\"grve-carousel-item grve-hover-item grve-hover-style-none\">  <figure class=\"grve-image-hover\">    <a class=\"grve-item-url\" href=\"https:\/\/jesusinfante.es\/wp-content\/uploads\/2021\/06\/big_img10.jpg\" ><\/a>    <div class=\"grve-hover-overlay grve-bg-light grve-opacity-90\"><\/div><div class=\"grve-media\"><img loading=\"lazy\" decoding=\"async\" width=\"560\" height=\"420\" src=\"https:\/\/jesusinfante.es\/wp-content\/uploads\/2021\/06\/big_img10-560x420.jpg\" class=\"attachment-movedo-grve-small-rect-horizontal size-movedo-grve-small-rect-horizontal\" alt=\"\" \/><\/div>  <\/figure><\/div><div class=\"grve-carousel-item grve-hover-item grve-hover-style-none\">  <figure class=\"grve-image-hover\">    <a class=\"grve-item-url\" href=\"https:\/\/jesusinfante.es\/wp-content\/uploads\/2021\/06\/big_img11.jpg\" ><\/a>    <div class=\"grve-hover-overlay grve-bg-light grve-opacity-90\"><\/div><div class=\"grve-media\"><img loading=\"lazy\" decoding=\"async\" width=\"560\" height=\"420\" src=\"https:\/\/jesusinfante.es\/wp-content\/uploads\/2021\/06\/big_img11-560x420.jpg\" class=\"attachment-movedo-grve-small-rect-horizontal size-movedo-grve-small-rect-horizontal\" alt=\"\" \/><\/div>  <\/figure><\/div><div class=\"grve-carousel-item grve-hover-item grve-hover-style-none\">  <figure class=\"grve-image-hover\">    <a class=\"grve-item-url\" href=\"https:\/\/jesusinfante.es\/wp-content\/uploads\/2021\/06\/big_img12.jpg\" ><\/a>    <div class=\"grve-hover-overlay grve-bg-light grve-opacity-90\"><\/div><div class=\"grve-media\"><img loading=\"lazy\" decoding=\"async\" width=\"560\" height=\"420\" src=\"https:\/\/jesusinfante.es\/wp-content\/uploads\/2021\/06\/big_img12-560x420.jpg\" class=\"attachment-movedo-grve-small-rect-horizontal size-movedo-grve-small-rect-horizontal\" alt=\"\" \/><\/div>  <\/figure><\/div>\t  <\/div>\t<\/div><\/div>[\/vc_column][\/vc_row][vc_row section_id=\u00bbvideos\u00bb][vc_column width=\u00bb1\/6&#8243;][\/vc_column][vc_column width=\u00bb2\/3&#8243; css=\u00bb.vc_custom_1649697861585{padding-top: 40px !important;}\u00bb]<h2 class=\"grve-element grve-title grve-align-center grve-animated-item grve-duration-normal grve-fade-in-up grve-h1 grve-increase-heading grve-heading-140\" style=\"\" data-delay=\"400\"><span>Mis V\u00eddeos<\/span><\/h2><div class=\"grve-element grve-video miVideo\" style=\"\"><iframe loading=\"lazy\" title=\"Parte de mi\" width=\"1080\" height=\"608\" src=\"https:\/\/www.youtube.com\/embed\/d2K5r_EjjqU?feature=oembed\" frameborder=\"0\" allow=\"accelerometer; autoplay; clipboard-write; encrypted-media; gyroscope; picture-in-picture\" allowfullscreen><\/iframe><\/div>[vc_raw_html]JTNDYSUyMHN0eWxlJTNEJTIyZm9udC1zaXplJTNBMTZweCUzQiUyMGZsb2F0JTNBcmlnaHQlM0IlMjBtYXJnaW4tdG9wJTNBMTBweCUzQiUyMiUyMGhyZWYlM0QlMjJodHRwcyUzQSUyRiUyRnd3dy55b3V0dWJlLmNvbSUyRmNoYW5uZWwlMkZVQ05CbDRvMzAwRWRQenNQYXFDZWVpSEElMjIlMjBjbGFzcyUzRCUyMmdydmUtbGFyZ2UlMjBncnZlLW5vLXNoYXBlJTIyJTIwYXJpYS1sYWJlbCUzRCUyMllvdVR1YmUlMjIlMjB0YXJnZXQlM0QlMjJfYmxhbmslMjIlMjByZWwlM0QlMjJub29wZW5lciUyMG5vcmVmZXJyZXIlMjIlM0VTJUMzJUFEZ3VlbWUlMjBlbiUyMCUzQ2klMjBzdHlsZSUzRCUyMmZvbnQtc2l6ZSUzQSUyMDQwcHglM0IlMjIlMjBjbGFzcyUzRCUyMmdydmUtdGV4dC1ibGFjayUyMGZhJTIwZmEteW91dHViZSUyMiUzRSUzQyUyRmklM0UlMjBwYXJhJTIwdmVyJTIwdG9kb3MlMjBsb3MlMjB2JUMzJUFEZGVvcy4lM0MlMkZhJTNF[\/vc_raw_html][\/vc_column][vc_column width=\u00bb1\/6&#8243;][\/vc_column][\/vc_row][vc_row heading_color=\u00bblight\u00bb bg_type=\u00bbimage\u00bb bg_image=\u00bb16449&#8243; scroll_header_style=\u00bblight\u00bb font_color=\u00bbrgba(255,255,255,0.45)\u00bb section_id=\u00bbconnect\u00bb el_class=\u00bbmiConnect\u00bb][vc_column width=\u00bb1\/2&#8243; tablet_sm_width=\u00bb1&#8243; css=\u00bb.vc_custom_1649693510947{padding-right: 20px !important;padding-left: 20px !important;}\u00bb]<h2 class=\"grve-element grve-title grve-align-left grve-animated-item grve-duration-normal grve-fade-in-up grve-h1 grve-increase-heading grve-heading-140\" style=\"\" data-delay=\"400\"><span>Cont\u00e1ctame<\/span><\/h2>\n<div class=\"wpcf7 no-js\" id=\"wpcf7-f16442-o1\" lang=\"es-ES\" dir=\"ltr\" data-wpcf7-id=\"16442\">\n<div class=\"screen-reader-response\"><p role=\"status\" aria-live=\"polite\" aria-atomic=\"true\"><\/p> <ul><\/ul><\/div>\n<form action=\"\/index.php?rest_route=%2Fwp%2Fv2%2Fpages%2F16088#wpcf7-f16442-o1\" method=\"post\" class=\"wpcf7-form init\" aria-label=\"Formulario de contacto\" novalidate=\"novalidate\" data-status=\"init\">\n<div style=\"display: none;\">\n<input type=\"hidden\" name=\"_wpcf7\" value=\"16442\" \/>\n<input type=\"hidden\" name=\"_wpcf7_version\" value=\"6.0.1\" \/>\n<input type=\"hidden\" name=\"_wpcf7_locale\" value=\"es_ES\" \/>\n<input type=\"hidden\" name=\"_wpcf7_unit_tag\" value=\"wpcf7-f16442-o1\" \/>\n<input type=\"hidden\" name=\"_wpcf7_container_post\" value=\"0\" \/>\n<input type=\"hidden\" name=\"_wpcf7_posted_data_hash\" value=\"\" \/>\n<input type=\"hidden\" name=\"_wpcf7_recaptcha_response\" value=\"\" \/>\n<\/div>\n<div class=\"grve-form grve-fields-round grve-align-center\">\n\t<div class=\"grve-fields-wrapper\">\n\t\t<div class=\"grve-one-third\">\n\t\t\t<p><span class=\"wpcf7-form-control-wrap\" data-name=\"your-name\"><input size=\"40\" maxlength=\"400\" class=\"wpcf7-form-control wpcf7-text wpcf7-validates-as-required\" aria-required=\"true\" aria-invalid=\"false\" placeholder=\"Nombre*\" value=\"\" type=\"text\" name=\"your-name\" \/><\/span>\n\t\t\t<\/p>\n\t\t<\/div>\n\t\t<div class=\"grve-one-third\">\n\t\t\t<p><span class=\"wpcf7-form-control-wrap\" data-name=\"your-email\"><input size=\"40\" maxlength=\"400\" class=\"wpcf7-form-control wpcf7-email wpcf7-validates-as-required wpcf7-text wpcf7-validates-as-email\" aria-required=\"true\" aria-invalid=\"false\" placeholder=\"Email*\" value=\"\" type=\"email\" name=\"your-email\" \/><\/span>\n\t\t\t<\/p>\n\t\t<\/div>\n\t\t<div class=\"grve-one-third grve-last-column\">\n\t\t\t<p><span class=\"wpcf7-form-control-wrap\" data-name=\"your-subject\"><input size=\"40\" maxlength=\"400\" class=\"wpcf7-form-control wpcf7-text\" aria-invalid=\"false\" placeholder=\"Asunto\" value=\"\" type=\"text\" name=\"your-subject\" \/><\/span>\n\t\t\t<\/p>\n\t\t<\/div>\n\t\t<div>\n\t\t\t<p><span class=\"wpcf7-form-control-wrap\" data-name=\"your-message\"><textarea cols=\"40\" rows=\"5\" maxlength=\"2000\" class=\"wpcf7-form-control wpcf7-textarea\" aria-invalid=\"false\" placeholder=\"Mensaje\" name=\"your-message\"><\/textarea><\/span>\n\t\t\t<\/p>\n\t\t<\/div>\n\t\t<div style=\"text-align: left !important\">\n\t\t\t<p><input class=\"wpcf7-form-control wpcf7-submit has-spinner grve-round\" type=\"submit\" value=\"Enviar mensaje\" \/>\n\t\t\t<\/p>\n\t\t<\/div>\n\t<\/div>\n<\/div><div class=\"wpcf7-response-output\" aria-hidden=\"true\"><\/div>\n<\/form>\n<\/div>\n[\/vc_column][vc_column width=\u00bb1\/2&#8243; text_align=\u00bbright\u00bb el_id=\u00bbsocialLinks\u00bb]\t\t\t<div class=\"grve-element grve-social grve-align-right grve-animated-item grve-fade-in-up grve-duration-normal\" style=\"\" data-delay=\"600\">\r\n\t\t\t\t<ul>\r\n\t\t\t\t\t\t\t\t\t\t\t<li>\r\n\t\t\t\t\t\t\t\t<a href=\"https:\/\/www.facebook.com\/jesusinfantemagia\" class=\"grve-large grve-no-shape\" aria-label=\"Facebook\" target=\"_blank\" rel=\"noopener noreferrer\">\r\n\t\t\t\t\t\t\t\t\t<i class=\"grve-text-white fa fa-facebook\"><\/i>\r\n\t\t\t\t\t\t\t\t<\/a>\r\n\t\t\t\t\t\t\t<\/li>\r\n\t\t\t\t\t\t\t\t\t\t\t<li>\r\n\t\t\t\t\t\t\t\t<a href=\"https:\/\/www.instagram.com\/jesusinfantemagia\/\" class=\"grve-large grve-no-shape\" aria-label=\"Instagram\" target=\"_blank\" rel=\"noopener noreferrer\">\r\n\t\t\t\t\t\t\t\t\t<i class=\"grve-text-white fa fa-instagram\"><\/i>\r\n\t\t\t\t\t\t\t\t<\/a>\r\n\t\t\t\t\t\t\t<\/li>\r\n\t\t\t\t\t\t\t\t\t\t\t<li>\r\n\t\t\t\t\t\t\t\t<a href=\"https:\/\/www.youtube.com\/channel\/UCNBl4o300EdPzsPaqCeeiHA\" class=\"grve-large grve-no-shape\" aria-label=\"YouTube\" target=\"_blank\" rel=\"noopener noreferrer\">\r\n\t\t\t\t\t\t\t\t\t<i class=\"grve-text-white fa fa-youtube\"><\/i>\r\n\t\t\t\t\t\t\t\t<\/a>\r\n\t\t\t\t\t\t\t<\/li>\r\n\t\t\t\t\t\t\t\t\t\t\t<li>\r\n\t\t\t\t\t\t\t\t<a href=\"https:\/\/soundcloud.com\/user-935341575-855985733\" class=\"grve-large grve-no-shape\" aria-label=\"SoundCloud\" target=\"_blank\" rel=\"noopener noreferrer\">\r\n\t\t\t\t\t\t\t\t\t<i class=\"grve-text-white fa fa-soundcloud\"><\/i>\r\n\t\t\t\t\t\t\t\t<\/a>\r\n\t\t\t\t\t\t\t<\/li>\r\n\t\t\t\t\t\t\t\t\t\t\t<li>\r\n\t\t\t\t\t\t\t\t<a href=\"https:\/\/open.spotify.com\/artist\/4Msy4fKAoZfqV9VHo2M9fx?si=aNnmWzE-Q1-0wMZf6ZAnYg\" class=\"grve-large grve-no-shape\" aria-label=\"Spotify\" target=\"_blank\" rel=\"noopener noreferrer\">\r\n\t\t\t\t\t\t\t\t\t<i class=\"grve-text-white fa fa-spotify\"><\/i>\r\n\t\t\t\t\t\t\t\t<\/a>\r\n\t\t\t\t\t\t\t<\/li>\r\n\t\t\t\t\t\t\t\t<\/ul>\r\n\t\t\t<\/div>\r\n\t\t[\/vc_column][\/vc_row]<\/p>\n","protected":false},"excerpt":{"rendered":"<p>[vc_row heading_color=\u00bblight\u00bb bg_type=\u00bbimage\u00bb bg_image=\u00bb16637&#8243; scroll_header_style=\u00bblight\u00bb font_color=\u00bb#ffffff\u00bb section_id=\u00bbintro\u00bb][vc_column width=\u00bb7\/12&#8243;][\/vc_column][vc_column width=\u00bb5\/12&#8243; text_align=\u00bbright\u00bb font_color=\u00bb#020202&#8243;][\/vc_column][\/vc_row][vc_row heading_color=\u00bblight\u00bb bg_type=\u00bbimage\u00bb bg_image=\u00bb16376&#8243; scroll_header_style=\u00bblight\u00bb font_color=\u00bbrgba(255,255,255,0.45)\u00bb section_id=\u00bbabout\u00bb][vc_column width=\u00bb1\/6&#8243;][\/vc_column][vc_column width=\u00bb2\/3&#8243; css=\u00bb.vc_custom_1649692895466{padding-right: 10px !important;padding-left: 10px !important;}\u00bb][vc_column_text text_style=\u00bbleader-text\u00bb animation=\u00bbgrve-fade-in-up\u00bb animation_delay=\u00bb600&#8243;]Jes\u00fas Infante es un artista cosmopolita en el que se conjugan la frescura y acidez de unas letras directas, la cuidada composici\u00f3n de melod\u00edas y una sorprendente producci\u00f3n musical [&hellip;]<\/p>\n","protected":false},"author":1,"featured_media":0,"parent":0,"menu_order":0,"comment_status":"closed","ping_status":"closed","template":"page-templates\/template-full-page.php","meta":{"content-type":"","footnotes":""},"class_list":["post-16088","page","type-page","status-publish","hentry"],"_links":{"self":[{"href":"https:\/\/jesusinfante.es\/index.php?rest_route=\/wp\/v2\/pages\/16088","targetHints":{"allow":["GET"]}}],"collection":[{"href":"https:\/\/jesusinfante.es\/index.php?rest_route=\/wp\/v2\/pages"}],"about":[{"href":"https:\/\/jesusinfante.es\/index.php?rest_route=\/wp\/v2\/types\/page"}],"author":[{"embeddable":true,"href":"https:\/\/jesusinfante.es\/index.php?rest_route=\/wp\/v2\/users\/1"}],"replies":[{"embeddable":true,"href":"https:\/\/jesusinfante.es\/index.php?rest_route=%2Fwp%2Fv2%2Fcomments&post=16088"}],"version-history":[{"count":126,"href":"https:\/\/jesusinfante.es\/index.php?rest_route=\/wp\/v2\/pages\/16088\/revisions"}],"predecessor-version":[{"id":16698,"href":"https:\/\/jesusinfante.es\/index.php?rest_route=\/wp\/v2\/pages\/16088\/revisions\/16698"}],"wp:attachment":[{"href":"https:\/\/jesusinfante.es\/index.php?rest_route=%2Fwp%2Fv2%2Fmedia&parent=16088"}],"curies":[{"name":"wp","href":"https:\/\/api.w.org\/{rel}","templated":true}]}}